{"id":2,"date":"2025-09-12T18:33:46","date_gmt":"2025-09-12T21:33:46","guid":{"rendered":"https:\/\/caletaolivia.gov.ar\/punto-organico\/?page_id=2"},"modified":"2025-09-13T00:43:58","modified_gmt":"2025-09-13T03:43:58","slug":"pagina-ejemplo","status":"publish","type":"page","link":"https:\/\/caletaolivia.gov.ar\/punto-organico\/pagina-ejemplo\/","title":{"rendered":"Turismo"},"content":{"rendered":"\n<h2 class=\"wp-block-heading\">Experiencias que Conectan con la Naturaleza<\/h2>\n\n\n\n<p>En <strong>Punto Org\u00e1nico<\/strong> te invitamos a vivir una experiencia diferente, donde cada visita se transforma en una conexi\u00f3n aut\u00e9ntica con la naturaleza. Lejos del ruido de la ciudad, te ofrecemos un espacio \u00fanico para relajarte, aprender y disfrutar de los peque\u00f1os placeres de la vida al aire libre.<\/p>\n\n\n\n<hr class=\"wp-block-separator has-alpha-channel-opacity\"\/>\n\n\n\n<h3 class=\"wp-block-heading\">Un Recorrido para los Sentidos<\/h3>\n\n\n\n<p>Sum\u00e9rgete en un viaje sensorial a trav\u00e9s de nuestros senderos arbolados, donde podr\u00e1s <strong>reconocer plantas aut\u00f3ctonas<\/strong> y descubrir la riqueza de la flora local. Explora nuestros <strong>invernaderos productivos<\/strong> y marav\u00edllate con el proceso de crecimiento de nuestros alimentos. Recorre nuestras <strong>parcelas frutales<\/strong> y respira el aroma de la tierra y las frutas frescas.<\/p>\n\n\n\n<hr class=\"wp-block-separator has-alpha-channel-opacity\"\/>\n\n\n\n<h3 class=\"wp-block-heading\">Momentos de Tranquilidad<\/h3>\n\n\n\n<p>Para que tu visita sea completa, hemos creado <strong>\u00e1reas de descanso<\/strong> pensadas para tu comodidad. Aqu\u00ed podr\u00e1s disfrutar de un desayuno, una merienda o, simplemente, tomar unos mates mientras contemplas el paisaje. Son rincones perfectos para desconectar y recargar energ\u00edas, solos o en compa\u00f1\u00eda.<\/p>\n\n\n\n<hr class=\"wp-block-separator has-alpha-channel-opacity\"\/>\n\n\n\n<h3 class=\"wp-block-heading\">\u00a1Planifica tu Visita!<\/h3>\n\n\n\n<p>\u00bfEst\u00e1s listo para esta aventura?<\/p>\n\n\n\n<p><strong>Direcci\u00f3n:<\/strong> Circunvalaci\u00f3n y los Aromos N\u00b0 288<\/p>\n\n\n\n<p><strong>Correo electr\u00f3nico:<\/strong> puntoorganicochacra@gmail.com<\/p>\n\n\n\n<figure class=\"wp-block-gallery has-nested-images columns-default is-cropped wp-block-gallery-1 is-layout-flex wp-block-gallery-is-layout-flex\">\n<figure class=\"wp-block-image size-large\"><img loading=\"lazy\" decoding=\"async\" width=\"1024\" height=\"576\" data-id=\"92\" src=\"https:\/\/caletaolivia.gov.ar\/punto-organico\/wp-content\/uploads\/2025\/09\/turismo01-1024x576.jpg\" alt=\"\" class=\"wp-image-92\" srcset=\"https:\/\/caletaolivia.gov.ar\/punto-organico\/wp-content\/uploads\/2025\/09\/turismo01-1024x576.jpg 1024w, https:\/\/caletaolivia.gov.ar\/punto-organico\/wp-content\/uploads\/2025\/09\/turismo01-300x169.jpg 300w, https:\/\/caletaolivia.gov.ar\/punto-organico\/wp-content\/uploads\/2025\/09\/turismo01-768x432.jpg 768w, https:\/\/caletaolivia.gov.ar\/punto-organico\/wp-content\/uploads\/2025\/09\/turismo01-1536x864.jpg 1536w, https:\/\/caletaolivia.gov.ar\/punto-organico\/wp-content\/uploads\/2025\/09\/turismo01.jpg 1600w\" sizes=\"(max-width: 1024px) 100vw, 1024px\" \/><\/figure>\n\n\n\n<figure class=\"wp-block-image size-large\"><img loading=\"lazy\" decoding=\"async\" width=\"1024\" height=\"768\" data-id=\"93\" src=\"https:\/\/caletaolivia.gov.ar\/punto-organico\/wp-content\/uploads\/2025\/09\/turismo02-1024x768.jpg\" alt=\"\" class=\"wp-image-93\" srcset=\"https:\/\/caletaolivia.gov.ar\/punto-organico\/wp-content\/uploads\/2025\/09\/turismo02-1024x768.jpg 1024w, https:\/\/caletaolivia.gov.ar\/punto-organico\/wp-content\/uploads\/2025\/09\/turismo02-300x225.jpg 300w, https:\/\/caletaolivia.gov.ar\/punto-organico\/wp-content\/uploads\/2025\/09\/turismo02-768x576.jpg 768w, https:\/\/caletaolivia.gov.ar\/punto-organico\/wp-content\/uploads\/2025\/09\/turismo02-1536x1152.jpg 1536w, https:\/\/caletaolivia.gov.ar\/punto-organico\/wp-content\/uploads\/2025\/09\/turismo02.jpg 1600w\" sizes=\"(max-width: 1024px) 100vw, 1024px\" \/><\/figure>\n\n\n\n<figure class=\"wp-block-image size-large\"><img loading=\"lazy\" decoding=\"async\" width=\"1024\" height=\"768\" data-id=\"91\" src=\"https:\/\/caletaolivia.gov.ar\/punto-organico\/wp-content\/uploads\/2025\/09\/turismo03-1024x768.jpg\" alt=\"\" class=\"wp-image-91\" srcset=\"https:\/\/caletaolivia.gov.ar\/punto-organico\/wp-content\/uploads\/2025\/09\/turismo03-1024x768.jpg 1024w, https:\/\/caletaolivia.gov.ar\/punto-organico\/wp-content\/uploads\/2025\/09\/turismo03-300x225.jpg 300w, https:\/\/caletaolivia.gov.ar\/punto-organico\/wp-content\/uploads\/2025\/09\/turismo03-768x576.jpg 768w, https:\/\/caletaolivia.gov.ar\/punto-organico\/wp-content\/uploads\/2025\/09\/turismo03-1536x1152.jpg 1536w, https:\/\/caletaolivia.gov.ar\/punto-organico\/wp-content\/uploads\/2025\/09\/turismo03.jpg 1600w\" sizes=\"(max-width: 1024px) 100vw, 1024px\" \/><\/figure>\n\n\n\n<figure class=\"wp-block-image size-large\"><img loading=\"lazy\" decoding=\"async\" width=\"1024\" height=\"768\" data-id=\"89\" src=\"https:\/\/caletaolivia.gov.ar\/punto-organico\/wp-content\/uploads\/2025\/09\/turismo04-1024x768.jpg\" alt=\"\" class=\"wp-image-89\" srcset=\"https:\/\/caletaolivia.gov.ar\/punto-organico\/wp-content\/uploads\/2025\/09\/turismo04-1024x768.jpg 1024w, https:\/\/caletaolivia.gov.ar\/punto-organico\/wp-content\/uploads\/2025\/09\/turismo04-300x225.jpg 300w, https:\/\/caletaolivia.gov.ar\/punto-organico\/wp-content\/uploads\/2025\/09\/turismo04-768x576.jpg 768w, https:\/\/caletaolivia.gov.ar\/punto-organico\/wp-content\/uploads\/2025\/09\/turismo04-1536x1152.jpg 1536w, https:\/\/caletaolivia.gov.ar\/punto-organico\/wp-content\/uploads\/2025\/09\/turismo04.jpg 1600w\" sizes=\"(max-width: 1024px) 100vw, 1024px\" \/><\/figure>\n\n\n\n<figure class=\"wp-block-image size-large\"><img loading=\"lazy\" decoding=\"async\" width=\"1024\" height=\"576\" data-id=\"88\" src=\"https:\/\/caletaolivia.gov.ar\/punto-organico\/wp-content\/uploads\/2025\/09\/turismo05-1024x576.jpg\" alt=\"\" class=\"wp-image-88\" srcset=\"https:\/\/caletaolivia.gov.ar\/punto-organico\/wp-content\/uploads\/2025\/09\/turismo05-1024x576.jpg 1024w, https:\/\/caletaolivia.gov.ar\/punto-organico\/wp-content\/uploads\/2025\/09\/turismo05-300x169.jpg 300w, https:\/\/caletaolivia.gov.ar\/punto-organico\/wp-content\/uploads\/2025\/09\/turismo05-768x432.jpg 768w, https:\/\/caletaolivia.gov.ar\/punto-organico\/wp-content\/uploads\/2025\/09\/turismo05.jpg 1040w\" sizes=\"(max-width: 1024px) 100vw, 1024px\" \/><\/figure>\n\n\n\n<figure class=\"wp-block-image size-large\"><img loading=\"lazy\" decoding=\"async\" width=\"1024\" height=\"576\" data-id=\"90\" src=\"https:\/\/caletaolivia.gov.ar\/punto-organico\/wp-content\/uploads\/2025\/09\/turismo06-1024x576.jpg\" alt=\"\" class=\"wp-image-90\" srcset=\"https:\/\/caletaolivia.gov.ar\/punto-organico\/wp-content\/uploads\/2025\/09\/turismo06-1024x576.jpg 1024w, https:\/\/caletaolivia.gov.ar\/punto-organico\/wp-content\/uploads\/2025\/09\/turismo06-300x169.jpg 300w, https:\/\/caletaolivia.gov.ar\/punto-organico\/wp-content\/uploads\/2025\/09\/turismo06-768x432.jpg 768w, https:\/\/caletaolivia.gov.ar\/punto-organico\/wp-content\/uploads\/2025\/09\/turismo06.jpg 1040w\" sizes=\"(max-width: 1024px) 100vw, 1024px\" \/><\/figure>\n\n\n\n<figure class=\"wp-block-image size-large\"><img loading=\"lazy\" decoding=\"async\" width=\"576\" height=\"1024\" data-id=\"94\" src=\"https:\/\/caletaolivia.gov.ar\/punto-organico\/wp-content\/uploads\/2025\/09\/turismo07-576x1024.jpg\" alt=\"\" class=\"wp-image-94\" srcset=\"https:\/\/caletaolivia.gov.ar\/punto-organico\/wp-content\/uploads\/2025\/09\/turismo07-576x1024.jpg 576w, https:\/\/caletaolivia.gov.ar\/punto-organico\/wp-content\/uploads\/2025\/09\/turismo07-169x300.jpg 169w, https:\/\/caletaolivia.gov.ar\/punto-organico\/wp-content\/uploads\/2025\/09\/turismo07-768x1365.jpg 768w, https:\/\/caletaolivia.gov.ar\/punto-organico\/wp-content\/uploads\/2025\/09\/turismo07-864x1536.jpg 864w, https:\/\/caletaolivia.gov.ar\/punto-organico\/wp-content\/uploads\/2025\/09\/turismo07.jpg 900w\" sizes=\"(max-width: 576px) 100vw, 576px\" \/><\/figure>\n\n\n\n<figure class=\"wp-block-image size-large\"><img loading=\"lazy\" decoding=\"async\" width=\"768\" height=\"1024\" data-id=\"95\" src=\"https:\/\/caletaolivia.gov.ar\/punto-organico\/wp-content\/uploads\/2025\/09\/turismo08-768x1024.jpg\" alt=\"\" class=\"wp-image-95\" srcset=\"https:\/\/caletaolivia.gov.ar\/punto-organico\/wp-content\/uploads\/2025\/09\/turismo08-768x1024.jpg 768w, https:\/\/caletaolivia.gov.ar\/punto-organico\/wp-content\/uploads\/2025\/09\/turismo08-225x300.jpg 225w, https:\/\/caletaolivia.gov.ar\/punto-organico\/wp-content\/uploads\/2025\/09\/turismo08-1152x1536.jpg 1152w, https:\/\/caletaolivia.gov.ar\/punto-organico\/wp-content\/uploads\/2025\/09\/turismo08.jpg 1200w\" sizes=\"(max-width: 768px) 100vw, 768px\" \/><\/figure>\n\n\n\n<figure class=\"wp-block-image size-large\"><img loading=\"lazy\" decoding=\"async\" width=\"1024\" height=\"768\" data-id=\"96\" src=\"https:\/\/caletaolivia.gov.ar\/punto-organico\/wp-content\/uploads\/2025\/09\/turismo09-1024x768.jpg\" alt=\"\" class=\"wp-image-96\" srcset=\"https:\/\/caletaolivia.gov.ar\/punto-organico\/wp-content\/uploads\/2025\/09\/turismo09-1024x768.jpg 1024w, https:\/\/caletaolivia.gov.ar\/punto-organico\/wp-content\/uploads\/2025\/09\/turismo09-300x225.jpg 300w, https:\/\/caletaolivia.gov.ar\/punto-organico\/wp-content\/uploads\/2025\/09\/turismo09-768x576.jpg 768w, https:\/\/caletaolivia.gov.ar\/punto-organico\/wp-content\/uploads\/2025\/09\/turismo09.jpg 1500w\" sizes=\"(max-width: 1024px) 100vw, 1024px\" \/><\/figure>\n\n\n\n<figure class=\"wp-block-image size-large\"><img loading=\"lazy\" decoding=\"async\" width=\"1024\" height=\"576\" data-id=\"97\" src=\"https:\/\/caletaolivia.gov.ar\/punto-organico\/wp-content\/uploads\/2025\/09\/turismo10-1024x576.jpg\" alt=\"\" class=\"wp-image-97\" srcset=\"https:\/\/caletaolivia.gov.ar\/punto-organico\/wp-content\/uploads\/2025\/09\/turismo10-1024x576.jpg 1024w, https:\/\/caletaolivia.gov.ar\/punto-organico\/wp-content\/uploads\/2025\/09\/turismo10-300x169.jpg 300w, https:\/\/caletaolivia.gov.ar\/punto-organico\/wp-content\/uploads\/2025\/09\/turismo10-768x432.jpg 768w, https:\/\/caletaolivia.gov.ar\/punto-organico\/wp-content\/uploads\/2025\/09\/turismo10.jpg 1280w\" sizes=\"(max-width: 1024px) 100vw, 1024px\" \/><\/figure>\n\n\n\n<figure class=\"wp-block-image size-large\"><img loading=\"lazy\" decoding=\"async\" width=\"1024\" height=\"576\" data-id=\"99\" src=\"https:\/\/caletaolivia.gov.ar\/punto-organico\/wp-content\/uploads\/2025\/09\/turismo11-1024x576.jpg\" alt=\"\" class=\"wp-image-99\" srcset=\"https:\/\/caletaolivia.gov.ar\/punto-organico\/wp-content\/uploads\/2025\/09\/turismo11-1024x576.jpg 1024w, https:\/\/caletaolivia.gov.ar\/punto-organico\/wp-content\/uploads\/2025\/09\/turismo11-300x169.jpg 300w, https:\/\/caletaolivia.gov.ar\/punto-organico\/wp-content\/uploads\/2025\/09\/turismo11-768x432.jpg 768w, https:\/\/caletaolivia.gov.ar\/punto-organico\/wp-content\/uploads\/2025\/09\/turismo11-1536x864.jpg 1536w, https:\/\/caletaolivia.gov.ar\/punto-organico\/wp-content\/uploads\/2025\/09\/turismo11.jpg 1600w\" sizes=\"(max-width: 1024px) 100vw, 1024px\" \/><\/figure>\n\n\n\n<figure class=\"wp-block-image size-large\"><img loading=\"lazy\" decoding=\"async\" width=\"1024\" height=\"576\" data-id=\"98\" src=\"https:\/\/caletaolivia.gov.ar\/punto-organico\/wp-content\/uploads\/2025\/09\/turismo12-1024x576.jpg\" alt=\"\" class=\"wp-image-98\" srcset=\"https:\/\/caletaolivia.gov.ar\/punto-organico\/wp-content\/uploads\/2025\/09\/turismo12-1024x576.jpg 1024w, https:\/\/caletaolivia.gov.ar\/punto-organico\/wp-content\/uploads\/2025\/09\/turismo12-300x169.jpg 300w, https:\/\/caletaolivia.gov.ar\/punto-organico\/wp-content\/uploads\/2025\/09\/turismo12-768x432.jpg 768w, https:\/\/caletaolivia.gov.ar\/punto-organico\/wp-content\/uploads\/2025\/09\/turismo12-1536x864.jpg 1536w, https:\/\/caletaolivia.gov.ar\/punto-organico\/wp-content\/uploads\/2025\/09\/turismo12.jpg 1600w\" sizes=\"(max-width: 1024px) 100vw, 1024px\" \/><\/figure>\n\n\n\n<figure class=\"wp-block-image size-large\"><img loading=\"lazy\" decoding=\"async\" width=\"576\" height=\"1024\" data-id=\"100\" src=\"https:\/\/caletaolivia.gov.ar\/punto-organico\/wp-content\/uploads\/2025\/09\/turismo13-576x1024.jpg\" alt=\"\" class=\"wp-image-100\" srcset=\"https:\/\/caletaolivia.gov.ar\/punto-organico\/wp-content\/uploads\/2025\/09\/turismo13-576x1024.jpg 576w, https:\/\/caletaolivia.gov.ar\/punto-organico\/wp-content\/uploads\/2025\/09\/turismo13-169x300.jpg 169w, https:\/\/caletaolivia.gov.ar\/punto-organico\/wp-content\/uploads\/2025\/09\/turismo13-768x1365.jpg 768w, https:\/\/caletaolivia.gov.ar\/punto-organico\/wp-content\/uploads\/2025\/09\/turismo13-864x1536.jpg 864w, https:\/\/caletaolivia.gov.ar\/punto-organico\/wp-content\/uploads\/2025\/09\/turismo13.jpg 900w\" sizes=\"(max-width: 576px) 100vw, 576px\" \/><\/figure>\n<\/figure>\n","protected":false},"excerpt":{"rendered":"<p>Experiencias que Conectan con la Naturaleza En Punto Org\u00e1nico te invitamos a vivir una experiencia diferente,&hellip;<\/p>\n","protected":false},"author":1,"featured_media":0,"parent":0,"menu_order":0,"comment_status":"closed","ping_status":"open","template":"","meta":{"_themeisle_gutenberg_block_has_review":false,"footnotes":""},"_links":{"self":[{"href":"https:\/\/caletaolivia.gov.ar\/punto-organico\/wp-json\/wp\/v2\/pages\/2"}],"collection":[{"href":"https:\/\/caletaolivia.gov.ar\/punto-organico\/wp-json\/wp\/v2\/pages"}],"about":[{"href":"https:\/\/caletaolivia.gov.ar\/punto-organico\/wp-json\/wp\/v2\/types\/page"}],"author":[{"embeddable":true,"href":"https:\/\/caletaolivia.gov.ar\/punto-organico\/wp-json\/wp\/v2\/users\/1"}],"replies":[{"embeddable":true,"href":"https:\/\/caletaolivia.gov.ar\/punto-organico\/wp-json\/wp\/v2\/comments?post=2"}],"version-history":[{"count":4,"href":"https:\/\/caletaolivia.gov.ar\/punto-organico\/wp-json\/wp\/v2\/pages\/2\/revisions"}],"predecessor-version":[{"id":113,"href":"https:\/\/caletaolivia.gov.ar\/punto-organico\/wp-json\/wp\/v2\/pages\/2\/revisions\/113"}],"wp:attachment":[{"href":"https:\/\/caletaolivia.gov.ar\/punto-organico\/wp-json\/wp\/v2\/media?parent=2"}],"curies":[{"name":"wp","href":"https:\/\/api.w.org\/{rel}","templated":true}]}}