{"id":17,"date":"2025-09-12T19:48:31","date_gmt":"2025-09-12T22:48:31","guid":{"rendered":"https:\/\/caletaolivia.gov.ar\/punto-organico\/?page_id=17"},"modified":"2025-09-17T09:49:56","modified_gmt":"2025-09-17T12:49:56","slug":"articulos","status":"publish","type":"page","link":"https:\/\/caletaolivia.gov.ar\/punto-organico\/articulos\/","title":{"rendered":"Capacitaciones"},"content":{"rendered":"\n<h2 class=\"wp-block-heading\">Capacitaciones de jardiner\u00eda org\u00e1nica<\/h2>\n\n\n\n<p>\u00a1En <strong>Punto Org\u00e1nico<\/strong> te invitamos a conectar con la tierra y aprender a cultivar tus propios alimentos! Ofrecemos capacitaciones dise\u00f1adas para todas las edades e instituciones, desde colegios hasta empresas, para que puedas adquirir los conocimientos y habilidades necesarios para crear y mantener tu huerto org\u00e1nico.<\/p>\n\n\n\n<p>Nuestros cursos se enfocan en pr\u00e1cticas sostenibles y respetuosas con el medio ambiente, cubriendo temas esenciales para el \u00e9xito de tu jard\u00edn. Aprender\u00e1s de forma pr\u00e1ctica y sencilla sobre:<\/p>\n\n\n\n<ul>\n<li><strong>Poda:<\/strong> Conoce las t\u00e9cnicas adecuadas para estimular el crecimiento, mejorar la salud y aumentar la producci\u00f3n de tus plantas.<\/li>\n\n\n\n<li><strong>Compostaje:<\/strong> Descubre c\u00f3mo transformar tus residuos org\u00e1nicos en un abono natural y nutritivo, cerrando el ciclo de la materia.<\/li>\n\n\n\n<li><strong>Siembra y trasplante:<\/strong> Aprende a elegir las mejores semillas y a realizar la siembra y el trasplante de forma correcta para asegurar un inicio fuerte y saludable para tus cultivos.<\/li>\n\n\n\n<li><strong>Reproducci\u00f3n de plantas:<\/strong> Multiplica tus plantas favoritas a trav\u00e9s de m\u00e9todos como esquejes o divisi\u00f3n, expandiendo tu jard\u00edn de forma gratuita y natural.<\/li>\n<\/ul>\n\n\n\n<p>\u00a1Juntos podemos construir un futuro m\u00e1s verde y sostenible!<\/p>\n\n\n\n<p>Para m\u00e1s informaci\u00f3n o para coordinar una capacitaci\u00f3n, cont\u00e1ctanos:<\/p>\n\n\n\n<ul>\n<li><strong>Correo electr\u00f3nico:<\/strong> puntoorganicochacra@gmail.com<\/li>\n\n\n\n<li><strong>Direcci\u00f3n:<\/strong> Circunvalaci\u00f3n y los Aromos N\u00ba 288<\/li>\n\n\n\n<li><strong>Facebook:<\/strong> <a href=\"https:\/\/www.facebook.com\/profile.php?id=61560095738235\" target=\"_blank\" rel=\"noreferrer noopener\">Chacra Mco Punto Org\u00e1nico<\/a><\/li>\n\n\n\n<li><strong>Instagram:<\/strong> <a href=\"https:\/\/www.instagram.com\/puntoorganico2024\/\" target=\"_blank\" rel=\"noreferrer noopener\">instagram.com\/puntoorganico2024<\/a><\/li>\n<\/ul>\n\n\n\n<hr class=\"wp-block-separator has-alpha-channel-opacity\"\/>\n\n\n\n<figure class=\"wp-block-gallery has-nested-images columns-default is-cropped wp-block-gallery-1 is-layout-flex wp-block-gallery-is-layout-flex\">\n<figure class=\"wp-block-image size-large\"><img loading=\"lazy\" decoding=\"async\" width=\"1024\" height=\"768\" data-id=\"102\" src=\"https:\/\/caletaolivia.gov.ar\/punto-organico\/wp-content\/uploads\/2025\/09\/capacitacion01-1024x768.jpg\" alt=\"\" class=\"wp-image-102\" srcset=\"https:\/\/caletaolivia.gov.ar\/punto-organico\/wp-content\/uploads\/2025\/09\/capacitacion01-1024x768.jpg 1024w, https:\/\/caletaolivia.gov.ar\/punto-organico\/wp-content\/uploads\/2025\/09\/capacitacion01-300x225.jpg 300w, https:\/\/caletaolivia.gov.ar\/punto-organico\/wp-content\/uploads\/2025\/09\/capacitacion01-768x576.jpg 768w, https:\/\/caletaolivia.gov.ar\/punto-organico\/wp-content\/uploads\/2025\/09\/capacitacion01-1536x1152.jpg 1536w, https:\/\/caletaolivia.gov.ar\/punto-organico\/wp-content\/uploads\/2025\/09\/capacitacion01.jpg 1600w\" sizes=\"(max-width: 1024px) 100vw, 1024px\" \/><\/figure>\n\n\n\n<figure class=\"wp-block-image size-large\"><img loading=\"lazy\" decoding=\"async\" width=\"768\" height=\"1024\" data-id=\"104\" src=\"https:\/\/caletaolivia.gov.ar\/punto-organico\/wp-content\/uploads\/2025\/09\/capacitacion02-768x1024.jpg\" alt=\"\" class=\"wp-image-104\" srcset=\"https:\/\/caletaolivia.gov.ar\/punto-organico\/wp-content\/uploads\/2025\/09\/capacitacion02-768x1024.jpg 768w, https:\/\/caletaolivia.gov.ar\/punto-organico\/wp-content\/uploads\/2025\/09\/capacitacion02-225x300.jpg 225w, https:\/\/caletaolivia.gov.ar\/punto-organico\/wp-content\/uploads\/2025\/09\/capacitacion02-1152x1536.jpg 1152w, https:\/\/caletaolivia.gov.ar\/punto-organico\/wp-content\/uploads\/2025\/09\/capacitacion02.jpg 1200w\" sizes=\"(max-width: 768px) 100vw, 768px\" \/><\/figure>\n\n\n\n<figure class=\"wp-block-image size-large\"><img loading=\"lazy\" decoding=\"async\" width=\"768\" height=\"1024\" data-id=\"107\" src=\"https:\/\/caletaolivia.gov.ar\/punto-organico\/wp-content\/uploads\/2025\/09\/capacitacion03-768x1024.jpg\" alt=\"\" class=\"wp-image-107\" srcset=\"https:\/\/caletaolivia.gov.ar\/punto-organico\/wp-content\/uploads\/2025\/09\/capacitacion03-768x1024.jpg 768w, https:\/\/caletaolivia.gov.ar\/punto-organico\/wp-content\/uploads\/2025\/09\/capacitacion03-225x300.jpg 225w, https:\/\/caletaolivia.gov.ar\/punto-organico\/wp-content\/uploads\/2025\/09\/capacitacion03-1152x1536.jpg 1152w, https:\/\/caletaolivia.gov.ar\/punto-organico\/wp-content\/uploads\/2025\/09\/capacitacion03.jpg 1200w\" sizes=\"(max-width: 768px) 100vw, 768px\" \/><\/figure>\n\n\n\n<figure class=\"wp-block-image size-large\"><img loading=\"lazy\" decoding=\"async\" width=\"576\" height=\"1024\" data-id=\"105\" src=\"https:\/\/caletaolivia.gov.ar\/punto-organico\/wp-content\/uploads\/2025\/09\/capacitacion04-576x1024.jpg\" alt=\"\" class=\"wp-image-105\" srcset=\"https:\/\/caletaolivia.gov.ar\/punto-organico\/wp-content\/uploads\/2025\/09\/capacitacion04-576x1024.jpg 576w, https:\/\/caletaolivia.gov.ar\/punto-organico\/wp-content\/uploads\/2025\/09\/capacitacion04-169x300.jpg 169w, https:\/\/caletaolivia.gov.ar\/punto-organico\/wp-content\/uploads\/2025\/09\/capacitacion04-768x1365.jpg 768w, https:\/\/caletaolivia.gov.ar\/punto-organico\/wp-content\/uploads\/2025\/09\/capacitacion04-864x1536.jpg 864w, https:\/\/caletaolivia.gov.ar\/punto-organico\/wp-content\/uploads\/2025\/09\/capacitacion04.jpg 900w\" sizes=\"(max-width: 576px) 100vw, 576px\" \/><\/figure>\n\n\n\n<figure class=\"wp-block-image size-large\"><img loading=\"lazy\" decoding=\"async\" width=\"1024\" height=\"576\" data-id=\"106\" src=\"https:\/\/caletaolivia.gov.ar\/punto-organico\/wp-content\/uploads\/2025\/09\/capacitacion05-1024x576.jpg\" alt=\"\" class=\"wp-image-106\" srcset=\"https:\/\/caletaolivia.gov.ar\/punto-organico\/wp-content\/uploads\/2025\/09\/capacitacion05-1024x576.jpg 1024w, https:\/\/caletaolivia.gov.ar\/punto-organico\/wp-content\/uploads\/2025\/09\/capacitacion05-300x169.jpg 300w, https:\/\/caletaolivia.gov.ar\/punto-organico\/wp-content\/uploads\/2025\/09\/capacitacion05-768x432.jpg 768w, https:\/\/caletaolivia.gov.ar\/punto-organico\/wp-content\/uploads\/2025\/09\/capacitacion05-1536x864.jpg 1536w, https:\/\/caletaolivia.gov.ar\/punto-organico\/wp-content\/uploads\/2025\/09\/capacitacion05.jpg 1600w\" sizes=\"(max-width: 1024px) 100vw, 1024px\" \/><\/figure>\n\n\n\n<figure class=\"wp-block-image size-large\"><img loading=\"lazy\" decoding=\"async\" width=\"576\" height=\"1024\" data-id=\"103\" src=\"https:\/\/caletaolivia.gov.ar\/punto-organico\/wp-content\/uploads\/2025\/09\/capacitacion06-576x1024.jpg\" alt=\"\" class=\"wp-image-103\" srcset=\"https:\/\/caletaolivia.gov.ar\/punto-organico\/wp-content\/uploads\/2025\/09\/capacitacion06-576x1024.jpg 576w, https:\/\/caletaolivia.gov.ar\/punto-organico\/wp-content\/uploads\/2025\/09\/capacitacion06-169x300.jpg 169w, https:\/\/caletaolivia.gov.ar\/punto-organico\/wp-content\/uploads\/2025\/09\/capacitacion06-768x1365.jpg 768w, https:\/\/caletaolivia.gov.ar\/punto-organico\/wp-content\/uploads\/2025\/09\/capacitacion06-864x1536.jpg 864w, https:\/\/caletaolivia.gov.ar\/punto-organico\/wp-content\/uploads\/2025\/09\/capacitacion06.jpg 900w\" sizes=\"(max-width: 576px) 100vw, 576px\" \/><\/figure>\n\n\n\n<figure class=\"wp-block-image size-large\"><img loading=\"lazy\" decoding=\"async\" width=\"768\" height=\"1024\" data-id=\"108\" src=\"https:\/\/caletaolivia.gov.ar\/punto-organico\/wp-content\/uploads\/2025\/09\/capacitacion07-768x1024.jpg\" alt=\"\" class=\"wp-image-108\" srcset=\"https:\/\/caletaolivia.gov.ar\/punto-organico\/wp-content\/uploads\/2025\/09\/capacitacion07-768x1024.jpg 768w, https:\/\/caletaolivia.gov.ar\/punto-organico\/wp-content\/uploads\/2025\/09\/capacitacion07-225x300.jpg 225w, https:\/\/caletaolivia.gov.ar\/punto-organico\/wp-content\/uploads\/2025\/09\/capacitacion07-1152x1536.jpg 1152w, https:\/\/caletaolivia.gov.ar\/punto-organico\/wp-content\/uploads\/2025\/09\/capacitacion07.jpg 1200w\" sizes=\"(max-width: 768px) 100vw, 768px\" \/><\/figure>\n<\/figure>\n","protected":false},"excerpt":{"rendered":"<p>Capacitaciones de jardiner\u00eda org\u00e1nica \u00a1En Punto Org\u00e1nico te invitamos a conectar con la tierra y aprender&hellip;<\/p>\n","protected":false},"author":1,"featured_media":0,"parent":0,"menu_order":0,"comment_status":"closed","ping_status":"closed","template":"","meta":{"_themeisle_gutenberg_block_has_review":false,"footnotes":""},"_links":{"self":[{"href":"https:\/\/caletaolivia.gov.ar\/punto-organico\/wp-json\/wp\/v2\/pages\/17"}],"collection":[{"href":"https:\/\/caletaolivia.gov.ar\/punto-organico\/wp-json\/wp\/v2\/pages"}],"about":[{"href":"https:\/\/caletaolivia.gov.ar\/punto-organico\/wp-json\/wp\/v2\/types\/page"}],"author":[{"embeddable":true,"href":"https:\/\/caletaolivia.gov.ar\/punto-organico\/wp-json\/wp\/v2\/users\/1"}],"replies":[{"embeddable":true,"href":"https:\/\/caletaolivia.gov.ar\/punto-organico\/wp-json\/wp\/v2\/comments?post=17"}],"version-history":[{"count":7,"href":"https:\/\/caletaolivia.gov.ar\/punto-organico\/wp-json\/wp\/v2\/pages\/17\/revisions"}],"predecessor-version":[{"id":153,"href":"https:\/\/caletaolivia.gov.ar\/punto-organico\/wp-json\/wp\/v2\/pages\/17\/revisions\/153"}],"wp:attachment":[{"href":"https:\/\/caletaolivia.gov.ar\/punto-organico\/wp-json\/wp\/v2\/media?parent=17"}],"curies":[{"name":"wp","href":"https:\/\/api.w.org\/{rel}","templated":true}]}}