{"id":19,"date":"2024-09-17T16:41:00","date_gmt":"2024-09-17T19:41:00","guid":{"rendered":"https:\/\/caletaolivia.gov.ar\/agenciadedesarrollo\/?page_id=19"},"modified":"2025-06-03T10:51:18","modified_gmt":"2025-06-03T13:51:18","slug":"home","status":"publish","type":"page","link":"https:\/\/caletaolivia.gov.ar\/agenciadedesarrollo\/","title":{"rendered":"Home"},"content":{"rendered":"\n<div class=\"wp-block-cover alignfull is-light hestia-clear-top-padding\"><span aria-hidden=\"true\" class=\"wp-block-cover__background has-white-background-color has-background-dim-100 has-background-dim\"><\/span><div class=\"wp-block-cover__inner-container is-layout-flow wp-block-cover-is-layout-flow\">\n<h2 class=\"wp-block-heading has-text-align-center has-accent-color has-text-color\">La Agencia de Desarrollo Caleta Olivia<\/h2>\n\n\n\n<p class=\"has-text-align-center has-accent-color has-text-color has-link-color has-medium-font-size wp-elements-3999fbc28d8df654fadd697e55775f4e\"><strong>La Agencia de Desarrollo<\/strong>, fundada el 4 de agosto de 2005, es una fundaci\u00f3n sin fines de lucro creada en colaboraci\u00f3n entre la Municipalidad de Caleta Olivia y la Universidad Nacional de la Patagonia Austral. Su objetivo es fomentar el desarrollo econ\u00f3mico y social mediante el apoyo a nuevos emprendimientos que generen empleo y la asistencia t\u00e9cnica a empresas locales para mejorar su competitividad.<\/p>\n\n\n\n<div style=\"height:40px\" aria-hidden=\"true\" class=\"wp-block-spacer\"><\/div>\n\n\n\n<div class=\"wp-block-columns container is-layout-flex wp-container-core-columns-is-layout-1 wp-block-columns-is-layout-flex\">\n<div class=\"wp-block-column has-accent-color has-text-color has-link-color wp-elements-5b18dd2294d66b5e4202c2c55ee04d88 is-layout-flow wp-block-column-is-layout-flow\">\n<h5 class=\"wp-block-heading has-text-align-center has-white-color has-accent-background-color has-text-color has-background\" style=\"font-size:18px\">Misi\u00f3n<\/h5>\n\n\n\n<p class=\"has-text-align-center has-accent-color has-white-background-color has-text-color has-background\" style=\"font-size:17px\">Proporcionar un espacio institucional que permita pensar e impulsar pol\u00edticas de desarrollo econ\u00f3mico sostenible, haciendo especial foco en el fortalecimiento y mejora de la competitividad de las empresas y emprendimientos locales, a trav\u00e9s de asistencia t\u00e9cnica, asesoramiento y acompa\u00f1amiento en las diferentes fases de desarrollo de los negocios.<\/p>\n\n\n\n<div style=\"height:25px\" aria-hidden=\"true\" class=\"wp-block-spacer\"><\/div>\n<\/div>\n\n\n\n<div class=\"wp-block-column has-accent-color has-text-color has-link-color wp-elements-51b8df5f589af07822f5af9005303294 is-layout-flow wp-block-column-is-layout-flow\">\n<h5 class=\"wp-block-heading has-text-align-center has-white-color has-accent-background-color has-text-color has-background\" style=\"font-size:18px\">Visi\u00f3n<\/h5>\n\n\n\n<p class=\"has-text-align-center has-accent-color has-white-background-color has-text-color has-background\" style=\"font-size:17px\">Ser un referente en la promoci\u00f3n del desarrollo econ\u00f3mico sostenible, impulsando el emprendimiento para mejorar la calidad de vida de la comunidad y fortalecer la competitividad de las empresas locales<\/p>\n\n\n\n<div style=\"height:25px\" aria-hidden=\"true\" class=\"wp-block-spacer\"><\/div>\n<\/div>\n\n\n\n<div class=\"wp-block-column has-accent-color has-text-color has-link-color wp-elements-4294e237d4a24381d7e97ada9176bc6d is-layout-flow wp-block-column-is-layout-flow\">\n<h5 class=\"wp-block-heading has-text-align-center has-white-color has-accent-background-color has-text-color has-background\" style=\"font-size:18px\">Valores<\/h5>\n\n\n\n<p class=\"has-text-align-center has-accent-color has-white-background-color has-text-color has-background has-link-color wp-elements-dc602c086f5c5e4f6db058b5e16c3265\" style=\"font-size:17px\"> Compromiso<br> Colaboraci\u00f3n<br> Transparencia<br> Inclusi\u00f3n<br> Sostenibilidad<br><\/p>\n\n\n\n<div style=\"height:25px\" aria-hidden=\"true\" class=\"wp-block-spacer\"><\/div>\n<\/div>\n<\/div>\n\n\n\n<div style=\"height:40px\" aria-hidden=\"true\" class=\"wp-block-spacer\"><\/div>\n<\/div><\/div>\n\n\n\n<div class=\"wp-block-columns container is-layout-flex wp-container-core-columns-is-layout-2 wp-block-columns-is-layout-flex\">\n<div class=\"wp-block-column col-md-5 is-layout-flow wp-block-column-is-layout-flow\">\n<div style=\"height:55px\" aria-hidden=\"true\" class=\"wp-block-spacer\"><\/div>\n\n\n\n<h2 class=\"wp-block-heading\">En esta nueva Etapa<\/h2>\n\n\n\n<p>La Fundaci\u00f3n Agencia de Desarrollo de Caleta Olivia, resalt\u00f3 que el objetivo no solo es apoyar a empresas ya establecidas, sino tambi\u00e9n a emprendedores que desean dar un salto cualitativo con sus productos o servicios<\/p>\n<\/div>\n\n\n\n<div class=\"wp-block-column col-md-6 col-md-offset1 is-layout-flow wp-block-column-is-layout-flow\">\n<div style=\"height:55px\" aria-hidden=\"true\" class=\"wp-block-spacer\"><\/div>\n\n\n\n<figure class=\"wp-block-image size-full\"><a href=\"https:\/\/www.caletaolivia.gov.ar\/agenciadedesarrollo\/\"><img loading=\"lazy\" decoding=\"async\" width=\"851\" height=\"315\" src=\"https:\/\/caletaolivia.gov.ar\/agenciadedesarrollo\/wp-content\/uploads\/2024\/09\/LogoAgenciadeDesarrollo.jpg\" alt=\"\" class=\"wp-image-7\" srcset=\"https:\/\/caletaolivia.gov.ar\/agenciadedesarrollo\/wp-content\/uploads\/2024\/09\/LogoAgenciadeDesarrollo.jpg 851w, https:\/\/caletaolivia.gov.ar\/agenciadedesarrollo\/wp-content\/uploads\/2024\/09\/LogoAgenciadeDesarrollo-300x111.jpg 300w, https:\/\/caletaolivia.gov.ar\/agenciadedesarrollo\/wp-content\/uploads\/2024\/09\/LogoAgenciadeDesarrollo-768x284.jpg 768w\" sizes=\"(max-width: 851px) 100vw, 851px\" \/><\/a><\/figure>\n\n\n\n<figure class=\"wp-block-table is-style-regular\" style=\"font-size:25px;font-style:normal;font-weight:700\"><table class=\"has-white-color has-text-color has-link-color\"><tbody><tr><td class=\"has-text-align-center\" data-align=\"center\"><a href=\"https:\/\/caletaolivia.gov.ar\/agenciadedesarrollo\/autoridades\/\" data-type=\"page\" data-id=\"57\" rel=\"nofollow\">AUTORIDADES<\/a><\/td><\/tr><\/tbody><\/table><\/figure>\n<\/div>\n<\/div>\n\n\n\n<div class=\"wp-block-columns is-layout-flex wp-container-core-columns-is-layout-3 wp-block-columns-is-layout-flex\">\n<div class=\"wp-block-column is-layout-flow wp-block-column-is-layout-flow\" style=\"flex-basis:100%\">\n<figure class=\"wp-block-table alignwide is-style-regular\" style=\"font-size:6px\"><table class=\"has-white-color has-text-color has-link-color\"><tbody><tr><td class=\"has-text-align-center\" data-align=\"center\"><a href=\"https:\/\/www.caletaolivia.gov.ar\"><img loading=\"lazy\" decoding=\"async\" width=\"100\" height=\"46\" class=\"wp-image-195\" style=\"width: 100px;\" src=\"https:\/\/caletaolivia.gov.ar\/agenciadedesarrollo\/wp-content\/uploads\/2024\/09\/logo-positivo-MCO-3.png\" alt=\"\" srcset=\"https:\/\/caletaolivia.gov.ar\/agenciadedesarrollo\/wp-content\/uploads\/2024\/09\/logo-positivo-MCO-3.png 1785w, https:\/\/caletaolivia.gov.ar\/agenciadedesarrollo\/wp-content\/uploads\/2024\/09\/logo-positivo-MCO-3-300x138.png 300w, https:\/\/caletaolivia.gov.ar\/agenciadedesarrollo\/wp-content\/uploads\/2024\/09\/logo-positivo-MCO-3-1024x473.png 1024w, https:\/\/caletaolivia.gov.ar\/agenciadedesarrollo\/wp-content\/uploads\/2024\/09\/logo-positivo-MCO-3-768x355.png 768w, https:\/\/caletaolivia.gov.ar\/agenciadedesarrollo\/wp-content\/uploads\/2024\/09\/logo-positivo-MCO-3-1536x709.png 1536w\" sizes=\"(max-width: 100px) 100vw, 100px\" \/><\/a><\/td><td class=\"has-text-align-center\" data-align=\"center\"><a href=\"https:\/\/www.uaco.unpa.edu.ar\/\"><img loading=\"lazy\" decoding=\"async\" width=\"100\" height=\"100\" class=\"wp-image-200\" style=\"width: 100px;\" src=\"https:\/\/caletaolivia.gov.ar\/agenciadedesarrollo\/wp-content\/uploads\/2024\/09\/UNPALogoBlanco.png\" alt=\"\" srcset=\"https:\/\/caletaolivia.gov.ar\/agenciadedesarrollo\/wp-content\/uploads\/2024\/09\/UNPALogoBlanco.png 1000w, https:\/\/caletaolivia.gov.ar\/agenciadedesarrollo\/wp-content\/uploads\/2024\/09\/UNPALogoBlanco-300x300.png 300w, https:\/\/caletaolivia.gov.ar\/agenciadedesarrollo\/wp-content\/uploads\/2024\/09\/UNPALogoBlanco-150x150.png 150w, https:\/\/caletaolivia.gov.ar\/agenciadedesarrollo\/wp-content\/uploads\/2024\/09\/UNPALogoBlanco-768x768.png 768w\" sizes=\"(max-width: 100px) 100vw, 100px\" \/><\/a><\/td><td class=\"has-text-align-center\" data-align=\"center\"><a href=\"https:\/\/cfi.org.ar\/\"><img loading=\"lazy\" decoding=\"async\" width=\"100\" height=\"105\" class=\"wp-image-205\" style=\"width: 100px;\" src=\"https:\/\/caletaolivia.gov.ar\/agenciadedesarrollo\/wp-content\/uploads\/2024\/09\/Consejo_Federal_de_Inversiones_Blanco.png\" alt=\"\" srcset=\"https:\/\/caletaolivia.gov.ar\/agenciadedesarrollo\/wp-content\/uploads\/2024\/09\/Consejo_Federal_de_Inversiones_Blanco.png 326w, https:\/\/caletaolivia.gov.ar\/agenciadedesarrollo\/wp-content\/uploads\/2024\/09\/Consejo_Federal_de_Inversiones_Blanco-285x300.png 285w\" sizes=\"(max-width: 100px) 100vw, 100px\" \/><\/a><\/td><td class=\"has-text-align-center\" data-align=\"center\"><a href=\"https:\/\/www.argentina.gob.ar\/produccion\/procer\"><img loading=\"lazy\" decoding=\"async\" width=\"100\" height=\"50\" class=\"wp-image-171\" style=\"width: 100px;\" src=\"https:\/\/caletaolivia.gov.ar\/agenciadedesarrollo\/wp-content\/uploads\/2024\/09\/PROCER.jpg\" alt=\"\" srcset=\"https:\/\/caletaolivia.gov.ar\/agenciadedesarrollo\/wp-content\/uploads\/2024\/09\/PROCER.jpg 317w, https:\/\/caletaolivia.gov.ar\/agenciadedesarrollo\/wp-content\/uploads\/2024\/09\/PROCER-300x150.jpg 300w\" sizes=\"(max-width: 100px) 100vw, 100px\" \/><\/a><\/td><td class=\"has-text-align-center\" data-align=\"center\"><a href=\"https:\/\/www.redcame.org.ar\/\"><img loading=\"lazy\" decoding=\"async\" width=\"100\" height=\"45\" class=\"wp-image-198\" style=\"width: 100px;\" src=\"https:\/\/caletaolivia.gov.ar\/agenciadedesarrollo\/wp-content\/uploads\/2024\/09\/cameBlanco.png\" alt=\"\" srcset=\"https:\/\/caletaolivia.gov.ar\/agenciadedesarrollo\/wp-content\/uploads\/2024\/09\/cameBlanco.png 1024w, https:\/\/caletaolivia.gov.ar\/agenciadedesarrollo\/wp-content\/uploads\/2024\/09\/cameBlanco-300x136.png 300w, https:\/\/caletaolivia.gov.ar\/agenciadedesarrollo\/wp-content\/uploads\/2024\/09\/cameBlanco-768x347.png 768w\" sizes=\"(max-width: 100px) 100vw, 100px\" \/><\/a><\/td><\/tr><\/tbody><\/table><\/figure>\n<\/div>\n<\/div>\n\n\n\n<p><\/p>\n","protected":false},"excerpt":{"rendered":"<p>En esta nueva Etapa La Fundaci\u00f3n Agencia de Desarrollo de Caleta Olivia, resalt\u00f3 que el objetivo no solo es apoyar a empresas ya establecidas, sino tambi\u00e9n a emprendedores que desean dar un salto cualitativo con sus productos o servicios AUTORIDADES<\/p>\n","protected":false},"author":2,"featured_media":44,"parent":0,"menu_order":0,"comment_status":"closed","ping_status":"closed","template":"","meta":{"footnotes":""},"_links":{"self":[{"href":"https:\/\/caletaolivia.gov.ar\/agenciadedesarrollo\/wp-json\/wp\/v2\/pages\/19"}],"collection":[{"href":"https:\/\/caletaolivia.gov.ar\/agenciadedesarrollo\/wp-json\/wp\/v2\/pages"}],"about":[{"href":"https:\/\/caletaolivia.gov.ar\/agenciadedesarrollo\/wp-json\/wp\/v2\/types\/page"}],"author":[{"embeddable":true,"href":"https:\/\/caletaolivia.gov.ar\/agenciadedesarrollo\/wp-json\/wp\/v2\/users\/2"}],"replies":[{"embeddable":true,"href":"https:\/\/caletaolivia.gov.ar\/agenciadedesarrollo\/wp-json\/wp\/v2\/comments?post=19"}],"version-history":[{"count":52,"href":"https:\/\/caletaolivia.gov.ar\/agenciadedesarrollo\/wp-json\/wp\/v2\/pages\/19\/revisions"}],"predecessor-version":[{"id":408,"href":"https:\/\/caletaolivia.gov.ar\/agenciadedesarrollo\/wp-json\/wp\/v2\/pages\/19\/revisions\/408"}],"wp:featuredmedia":[{"embeddable":true,"href":"https:\/\/caletaolivia.gov.ar\/agenciadedesarrollo\/wp-json\/wp\/v2\/media\/44"}],"wp:attachment":[{"href":"https:\/\/caletaolivia.gov.ar\/agenciadedesarrollo\/wp-json\/wp\/v2\/media?parent=19"}],"curies":[{"name":"wp","href":"https:\/\/api.w.org\/{rel}","templated":true}]}}